{"id":152,"date":"2026-04-16T14:03:49","date_gmt":"2026-04-16T11:03:49","guid":{"rendered":"https:\/\/rukantaksi.fi\/karhunkierrostaksi\/"},"modified":"2026-04-30T11:00:47","modified_gmt":"2026-04-30T08:00:47","slug":"karhunkierros-taxi","status":"publish","type":"page","link":"https:\/\/rukantaksi.fi\/en\/karhunkierros-taxi\/","title":{"rendered":"Karhunkierros &#038; Oulanka National Park Taxi"},"content":{"rendered":"<h1>Taxi Transfers to Karhunkierros &#038; Oulanka National Park<\/h1>\n<ul>\n<li>\n<p>\n        Book a Taxi    <\/p>\n<div>\n<h3>Book a Taxi<\/h3>\n<style id=\"wpforms-css-vars-165\">\n\t\t\t\t#wpforms-165 {\n\t\t\t\t--wpforms-field-size-input-height: 43px;\n--wpforms-field-size-input-spacing: 15px;\n--wpforms-field-size-font-size: 16px;\n--wpforms-field-size-line-height: 19px;\n--wpforms-field-size-padding-h: 14px;\n--wpforms-field-size-checkbox-size: 16px;\n--wpforms-field-size-sublabel-spacing: 5px;\n--wpforms-field-size-icon-size: 1;\n--wpforms-label-size-font-size: 16px;\n--wpforms-label-size-line-height: 19px;\n--wpforms-label-size-sublabel-font-size: 14px;\n--wpforms-label-size-sublabel-line-height: 17px;\n--wpforms-button-size-font-size: 17px;\n--wpforms-button-size-height: 41px;\n--wpforms-button-size-padding-h: 15px;\n--wpforms-button-size-margin-top: 10px;\n--wpforms-container-shadow-size-box-shadow: none;\n\t\t\t}\n\t\t\t<\/style><div class=\"wpforms-container wpforms-container-full wpforms-render-modern\" id=\"wpforms-165\"><form id=\"wpforms-form-165\" class=\"wpforms-validate wpforms-form wpforms-ajax-form\" data-formid=\"165\" method=\"post\" enctype=\"multipart\/form-data\" action=\"\/en\/wp-json\/wp\/v2\/pages\/152\" data-token=\"de405bdf8abac702d441833e2a9c44d8\" data-token-time=\"1778190119\"><noscript class=\"wpforms-error-noscript\">Please enable JavaScript in your browser to complete this form.<\/noscript><div id=\"wpforms-error-noscript\" style=\"display: none;\">Please enable JavaScript in your browser to complete this form.<\/div><div class=\"wpforms-field-container\"><div id=\"wpforms-165-field_2-container\" class=\"wpforms-field wpforms-field-name\" data-field-id=\"2\"><label class=\"wpforms-field-label\" for=\"wpforms-165-field_2\">Name <span class=\"wpforms-required-label\" aria-hidden=\"true\">*<\/span><\/label><input type=\"text\" id=\"wpforms-165-field_2\" class=\"wpforms-field-large wpforms-field-required\" name=\"wpforms[fields][2]\" aria-errormessage=\"wpforms-165-field_2-error\" required><\/div>\t\t<div id=\"wpforms-165-field_1-container\"\n\t\t\tclass=\"wpforms-field wpforms-field-text\"\n\t\t\tdata-field-type=\"text\"\n\t\t\tdata-field-id=\"1\"\n\t\t\t>\n\t\t\t<label class=\"wpforms-field-label\" for=\"wpforms-165-field_1\" >Layout Email Phone<\/label>\n\t\t\t<input type=\"text\" id=\"wpforms-165-field_1\" class=\"wpforms-field-medium\" name=\"wpforms[fields][1]\" >\n\t\t<\/div>\n\t\t<div id=\"wpforms-165-field_3-container\" class=\"wpforms-field wpforms-field-email\" data-field-id=\"3\"><label class=\"wpforms-field-label\" for=\"wpforms-165-field_3\">Email <span class=\"wpforms-required-label\" aria-hidden=\"true\">*<\/span><\/label><input type=\"email\" id=\"wpforms-165-field_3\" class=\"wpforms-field-large wpforms-field-required\" data-disable-suggestions=\"1\" name=\"wpforms[fields][3]\" spellcheck=\"false\" aria-errormessage=\"wpforms-165-field_3-error\" required><\/div><div id=\"wpforms-165-field_4-container\" class=\"wpforms-field wpforms-field-phone\" data-field-id=\"4\"><label class=\"wpforms-field-label\" for=\"wpforms-165-field_4\">Phone <span class=\"wpforms-required-label\" aria-hidden=\"true\">*<\/span><\/label><input type=\"tel\" id=\"wpforms-165-field_4\" class=\"wpforms-field-large wpforms-field-required\" data-rule-int-phone-field=\"true\" name=\"wpforms[fields][4]\" aria-label=\"Phone\" aria-errormessage=\"wpforms-165-field_4-error\" required><\/div><div id=\"wpforms-165-field_7-container\" class=\"wpforms-field wpforms-field-layout\" data-field-id=\"7\"><div class=\"wpforms-field-layout-rows wpforms-field-large\"><div class=\"wpforms-layout-row\"><div class=\"wpforms-layout-column wpforms-layout-column-50\"><div id=\"wpforms-165-field_6-container\" class=\"wpforms-field wpforms-field-text\" data-field-id=\"6\"><label class=\"wpforms-field-label\" for=\"wpforms-165-field_6\">Pickup Location <span class=\"wpforms-required-label\" aria-hidden=\"true\">*<\/span><\/label><input type=\"text\" id=\"wpforms-165-field_6\" class=\"wpforms-field-medium wpforms-field-required\" name=\"wpforms[fields][6]\" aria-errormessage=\"wpforms-165-field_6-error\" required><\/div><\/div><div class=\"wpforms-layout-column wpforms-layout-column-50\"><div id=\"wpforms-165-field_9-container\" class=\"wpforms-field wpforms-field-text\" data-field-id=\"9\"><label class=\"wpforms-field-label\" for=\"wpforms-165-field_9\">Destination <span class=\"wpforms-required-label\" aria-hidden=\"true\">*<\/span><\/label><input type=\"text\" id=\"wpforms-165-field_9\" class=\"wpforms-field-medium wpforms-field-required\" name=\"wpforms[fields][9]\" aria-errormessage=\"wpforms-165-field_9-error\" required><\/div><\/div><\/div><\/div><\/div><div id=\"wpforms-165-field_8-container\" class=\"wpforms-field wpforms-field-layout\" data-field-id=\"8\"><div class=\"wpforms-field-layout-rows wpforms-field-large\"><div class=\"wpforms-layout-row\"><div class=\"wpforms-layout-column wpforms-layout-column-50\"><div id=\"wpforms-165-field_12-container\" class=\"wpforms-field wpforms-field-number\" data-field-id=\"12\"><label class=\"wpforms-field-label\" for=\"wpforms-165-field_12\">Number of Passengers<\/label><input type=\"number\" id=\"wpforms-165-field_12\" class=\"wpforms-field-large\" name=\"wpforms[fields][12]\" step=\"any\" aria-errormessage=\"wpforms-165-field_12-error\" ><\/div><\/div><div class=\"wpforms-layout-column wpforms-layout-column-50\"><div id=\"wpforms-165-field_11-container\" class=\"wpforms-field wpforms-field-date-time\" data-field-id=\"11\"><fieldset><legend class=\"wpforms-field-label\">Date &amp; Time<\/legend><div class=\"wpforms-field-row wpforms-field-medium\"><div class=\"wpforms-field-row-block wpforms-date-type-datepicker\"><div class=\"wpforms-datepicker-wrap\"><input type=\"text\" id=\"wpforms-165-field_11\" class=\"wpforms-field-date-time-date wpforms-datepicker\" data-date-format=\"d\/m\/Y\" data-disable-past-dates=\"1\" data-disable-todays-date=\"0\" data-input=\"true\" name=\"wpforms[fields][11][date]\" aria-errormessage=\"wpforms-165-field_11-error\" ><a title=\"Clear Date\" data-clear role=\"button\" tabindex=\"0\" class=\"wpforms-datepicker-clear\" aria-label=\"Clear Date\" style=\"display:none;\"><\/a><\/div><label for=\"wpforms-165-field_11\" class=\"wpforms-field-sublabel after wpforms-sublabel-hide\">Date<\/label><\/div><div class=\"wpforms-field-row-block\"><input type=\"text\" id=\"wpforms-165-field_11-time\" class=\"wpforms-field-date-time-time wpforms-timepicker\" data-time-format=\"H:i\" data-step=\"30\" data-rule-time24h=\"true\" name=\"wpforms[fields][11][time]\" aria-errormessage=\"wpforms-165-field_11-time-error\" ><label for=\"wpforms-165-field_11-time\" class=\"wpforms-field-sublabel after wpforms-sublabel-hide\">Time<\/label><\/div><\/div><\/fieldset><\/div><\/div><\/div><\/div><\/div><script>\n\t\t\t\t( function() {\n\t\t\t\t\tconst style = document.createElement( 'style' );\n\t\t\t\t\tstyle.appendChild( document.createTextNode( '#wpforms-165-field_1-container { position: absolute !important; overflow: hidden !important; display: inline !important; height: 1px !important; width: 1px !important; z-index: -1000 !important; padding: 0 !important; } #wpforms-165-field_1-container input { visibility: hidden; } #wpforms-conversational-form-page #wpforms-165-field_1-container label { counter-increment: none; }' ) );\n\t\t\t\t\tdocument.head.appendChild( style );\n\t\t\t\t\tdocument.currentScript?.remove();\n\t\t\t\t} )();\n\t\t\t<\/script><\/div><!-- .wpforms-field-container --><div class=\"wpforms-recaptcha-container wpforms-is-recaptcha wpforms-is-recaptcha-type-v3\" ><input type=\"hidden\" name=\"wpforms[recaptcha]\" value=\"\"><\/div><div class=\"wpforms-submit-container\" ><input type=\"hidden\" name=\"wpforms[id]\" value=\"165\"><input type=\"hidden\" name=\"page_title\" value=\"\"><input type=\"hidden\" name=\"page_url\" value=\"https:\/\/rukantaksi.fi\/en\/wp-json\/wp\/v2\/pages\/152\"><input type=\"hidden\" name=\"url_referer\" value=\"https:\/\/rukantaksi.fi\/en\/karhunkierros-taxi\/\"><button type=\"submit\" name=\"wpforms[submit]\" id=\"wpforms-submit-165\" class=\"wpforms-submit\" data-alt-text=\"Sending... \" data-submit-text=\"Book a Transfer\" aria-live=\"assertive\" value=\"wpforms-submit\">Book a Transfer<\/button><img loading=\"lazy\" decoding=\"async\" src=\"https:\/\/rukantaksi.fi\/wp-content\/plugins\/wpforms\/assets\/images\/submit-spin.svg\" class=\"wpforms-submit-spinner\" style=\"display: none;\" width=\"26\" height=\"26\" alt=\"Loading\"><\/div><\/form><\/div>  <!-- .wpforms-container -->\n<\/div>\n<\/li>\n<li>\n<p>\n        <a href=\"tel:+358413268156\">+358 41 326 8156<\/a>\n    <\/p>\n<\/li>\n<\/ul>\n<h2>Karhunkierros Taxi Prices<\/h2>\n<p><img decoding=\"async\" src=\"\/wp-content\/uploads\/2026\/04\/Karhunkierrostaksi-en.png\" alt=\"\"><\/p>\n<table>\n<thead>\n<tr>\n<th>Departure \u2013 Destination<\/th>\n<th>1-4 persons<br \/>price\/ride<\/th>\n<th>5-8 persons<br \/>price\/ride<\/th>\n<\/tr>\n<\/thead>\n<tbody>\n<tr>\n<td>Ruka &#8211; Juuma<\/td>\n<td>50 \u20ac<\/td>\n<td>70 \u20ac<\/td>\n<\/tr>\n<tr>\n<td>Ruka &#8211; Kiutak\u00f6ng\u00e4s<\/td>\n<td>70 \u20ac<\/td>\n<td>85 \u20ac<\/td>\n<\/tr>\n<tr>\n<td>Ruka &#8211; Ristikallio<\/td>\n<td>65 \u20ac<\/td>\n<td>80 \u20ac<\/td>\n<\/tr>\n<tr>\n<td>Ruka &#8211; Hautaj\u00e4rvi<\/td>\n<td>95 \u20ac<\/td>\n<td>110 \u20ac<\/td>\n<\/tr>\n<tr>\n<td>Kuusamo &#8211; Juuma<\/td>\n<td>95 \u20ac<\/td>\n<td>120 \u20ac<\/td>\n<\/tr>\n<tr>\n<td>Kuusamo &#8211; Kiutak\u00f6ng\u00e4s<\/td>\n<td>115 \u20ac<\/td>\n<td>130 \u20ac<\/td>\n<\/tr>\n<tr>\n<td>Kuusamo &#8211; Ristikallio<\/td>\n<td>115 \u20ac<\/td>\n<td>130 \u20ac<\/td>\n<\/tr>\n<tr>\n<td>Kuusamo &#8211; Hautaj\u00e4rvi<\/td>\n<td>130 \u20ac<\/td>\n<td>170 \u20ac<\/td>\n<\/tr>\n<tr>\n<td>Juuma &#8211; Kiutak\u00f6ng\u00e4s<\/td>\n<td>75 \u20ac<\/td>\n<td>90 \u20ac<\/td>\n<\/tr>\n<tr>\n<td>Juuma &#8211; Ristikallio<\/td>\n<td>80 \u20ac<\/td>\n<td>95 \u20ac<\/td>\n<\/tr>\n<tr>\n<td>Juuma &#8211; Hautaj\u00e4rvi<\/td>\n<td>105 \u20ac<\/td>\n<td>130 \u20ac<\/td>\n<\/tr>\n<tr>\n<td>Kiutak\u00f6ng\u00e4s &#8211; Ristikallio<\/td>\n<td>85 \u20ac<\/td>\n<td>100 \u20ac<\/td>\n<\/tr>\n<tr>\n<td>Kiutak\u00f6ng\u00e4s &#8211; Hautaj\u00e4rvi<\/td>\n<td>105 \u20ac<\/td>\n<td>130 \u20ac<\/td>\n<\/tr>\n<tr>\n<td>Saarua parking area +\u20ac10<\/td>\n<td><\/td>\n<td><\/td>\n<\/tr>\n<\/tbody>\n<\/table>\n<p><!--more--><br \/>\n<!-- {\"type\":\"layout\",\"children\":[{\"name\":\"Hero\",\"type\":\"section\",\"props\":{\"animation\":\"fade\",\"header_transparent\":false,\"header_transparent_noplaceholder\":true,\"height\":\"viewport\",\"height_viewport\":80,\"height_viewport_offset\":true,\"image_loading\":true,\"image_position\":\"center-center\",\"image_size\":\"cover\",\"image_width\":\"2560\",\"media_overlay_gradient\":\"linear-gradient(180deg,rgba(0, 0, 0, 0.48) 0%, rgba(0, 0, 0, 0) 44%);\",\"media_visibility\":\"s\",\"overlap\":false,\"style\":\"secondary\",\"text_color\":\"light\",\"title_breakpoint\":\"xl\",\"title_position\":\"top-left\",\"title_rotation\":\"left\",\"vertical_align\":\"\",\"width\":\"default\"},\"children\":[{\"type\":\"row\",\"children\":[{\"type\":\"column\",\"props\":{\"image_position\":\"center-center\",\"position_sticky_breakpoint\":\"m\",\"width_medium\":\"1-1\"},\"children\":[{\"type\":\"headline\",\"props\":{\"block_align\":\"center\",\"content\":\"Taxi Transfers to Karhunkierros & Oulanka National Park\",\"image_align\":\"left\",\"image_margin\":\"xsmall\",\"margin_bottom\":\"small\",\"margin_top\":\"small\",\"maxwidth\":\"2xlarge\",\"text_align\":\"center\",\"title_element\":\"h1\",\"title_style\":\"heading-small\"}},{\"type\":\"button\",\"props\":{\"button_size\":\"large\",\"grid_column_gap\":\"small\",\"grid_row_gap\":\"small\",\"margin_bottom\":\"default\",\"margin_top\":\"default\",\"text_align\":\"center\"},\"children\":[{\"type\":\"button_item\",\"props\":{\"button_style\":\"danger\",\"content\":\"Book a Taxi\",\"dialog\":\"\n\n<h3>Book a Taxi<\/h3>\n\n\\n\n\n[wpforms id=\\\"165\\\"]\n\n\",\"dialog_layout\":\"modal\",\"dialog_offcanvas_flip\":true,\"icon_align\":\"left\",\"lightbox\":true,\"link\":\"\",\"link_aria_label\":\"Book a Taxi\"}},{\"type\":\"button_item\",\"props\":{\"button_style\":\"danger\",\"content\":\"+358 41 326 8156\",\"dialog_layout\":\"modal\",\"dialog_offcanvas_flip\":true,\"icon_align\":\"left\",\"link\":\"tel:+358413268156\",\"link_aria_label\":\"Puhelin\"}}]}]}]}],\"source\":{\"query\":{\"name\":\"pages.singlePage\"},\"props\":{\"image\":{\"arguments\":[],\"name\":\"featuredImage.url\"}}}},{\"name\":\"Achievements\",\"type\":\"section\",\"props\":{\"animation\":\"slide-bottom-small\",\"animation_delay\":\"200\",\"image_effect\":\"parallax\",\"image_parallax_bgy\":\"0,100\",\"image_parallax_easing\":\"1\",\"image_position\":\"top-center\",\"style\":\"default\",\"title_breakpoint\":\"xl\",\"title_position\":\"top-left\",\"title_rotation\":\"left\",\"vertical_align\":\"\",\"width\":\"small\"},\"children\":[{\"type\":\"row\",\"props\":{\"column_gap\":\"large\",\"row_gap\":\"large\",\"width\":\"default\"},\"children\":[{\"type\":\"column\",\"props\":{\"image_position\":\"center-center\",\"position_sticky_breakpoint\":\"m\",\"width_medium\":\"1-1\"},\"children\":[{\"type\":\"headline\",\"props\":{\"block_align\":\"center\",\"content\":\"Karhunkierros Taxi Prices\",\"image_align\":\"left\",\"image_margin\":\"xsmall\",\"margin_bottom\":\"large\",\"margin_top\":\"large\",\"text_align\":\"center\",\"title_element\":\"h2\",\"title_style\":\"h2\"}},{\"type\":\"image\",\"props\":{\"image\":\"wp-content\/uploads\/2026\/04\/Karhunkierrostaksi-en.png\",\"image_svg_color\":\"emphasis\",\"margin_bottom\":\"default\",\"margin_top\":\"default\"}}]}]},{\"type\":\"row\",\"children\":[{\"type\":\"column\",\"props\":{\"image_position\":\"center-center\",\"position_sticky_breakpoint\":\"m\"},\"children\":[{\"name\":\"Table Size Large Columns Expand One\",\"type\":\"table\",\"children\":[{\"type\":\"table_item\",\"props\":{\"content\":\"70 \u20ac\",\"meta\":\"50 \u20ac\",\"title\":\"Ruka - Juuma\"}},{\"type\":\"table_item\",\"props\":{\"content\":\"85 \u20ac\",\"meta\":\"70 \u20ac\",\"title\":\"Ruka - Kiutak\u00f6ng\u00e4s\"}},{\"type\":\"table_item\",\"props\":{\"content\":\"80 \u20ac\",\"meta\":\"65 \u20ac\",\"title\":\"Ruka - Ristikallio\"}},{\"type\":\"table_item\",\"props\":{\"content\":\"110 \u20ac\",\"meta\":\"95 \u20ac\",\"title\":\"Ruka - Hautaj\u00e4rvi\"}},{\"type\":\"table_item\",\"props\":{\"content\":\"120 \u20ac\",\"meta\":\"95 \u20ac\",\"title\":\"Kuusamo - Juuma\"}},{\"type\":\"table_item\",\"props\":{\"content\":\"130 \u20ac\",\"meta\":\"115 \u20ac\",\"title\":\"Kuusamo - Kiutak\u00f6ng\u00e4s\"}},{\"type\":\"table_item\",\"props\":{\"content\":\"130 \u20ac\",\"meta\":\"115 \u20ac\",\"title\":\"Kuusamo - Ristikallio\"}},{\"type\":\"table_item\",\"props\":{\"content\":\"170 \u20ac\",\"meta\":\"130 \u20ac\",\"title\":\"Kuusamo - Hautaj\u00e4rvi\"}},{\"type\":\"table_item\",\"props\":{\"content\":\"90 \u20ac\",\"meta\":\"75 \u20ac\",\"title\":\"Juuma - Kiutak\u00f6ng\u00e4s\"}},{\"type\":\"table_item\",\"props\":{\"content\":\"95 \u20ac\",\"meta\":\"80 \u20ac\",\"title\":\"Juuma - Ristikallio\"}},{\"type\":\"table_item\",\"props\":{\"content\":\"130 \u20ac\",\"meta\":\"105 \u20ac\",\"title\":\"Juuma - Hautaj\u00e4rvi\"}},{\"type\":\"table_item\",\"props\":{\"content\":\"100 \u20ac\",\"meta\":\"85 \u20ac\",\"title\":\"Kiutak\u00f6ng\u00e4s - Ristikallio\"}},{\"type\":\"table_item\",\"props\":{\"content\":\"130 \u20ac\",\"meta\":\"105 \u20ac\",\"title\":\"Kiutak\u00f6ng\u00e4s - Hautaj\u00e4rvi\"}},{\"type\":\"table_item\",\"props\":{\"title\":\"Saarua parking area +\u20ac10\"}}],\"props\":{\"image_border\":\"circle\",\"image_box_shadow\":\"small\",\"image_height\":\"50\",\"image_svg_color\":\"emphasis\",\"image_width\":\"50\",\"link_style\":\"default\",\"link_text\":\"View Details\",\"meta_style\":\"h5\",\"show_content\":true,\"show_image\":true,\"show_link\":true,\"show_meta\":true,\"show_title\":true,\"table_head_content\":\"5-8 persons<br \/>price\/ride\",\"table_head_meta\":\"1-4 persons<br \/>price\/ride\",\"table_head_title\":\"Departure \u2013 Destination\",\"table_hover\":false,\"table_justify\":false,\"table_order\":\"5\",\"table_responsive\":\"overflow\",\"table_size\":\"large\",\"table_style\":\"striped\",\"table_vertical_align\":true,\"table_width_content\":\"small\",\"table_width_meta\":\"small\",\"table_width_title\":\"medium\",\"text_align\":\"left\",\"text_align_fallback\":\"center\",\"title_style\":\"h4\"}}]}]}]}],\"version\":\"5.0.29\"} --><\/p>\n","protected":false},"excerpt":{"rendered":"<p>Taxi Transfers to Karhunkierros &#038; Oulanka National Park Book a Taxi Book a Taxi +358 41 326 8156 Karhunkierros Taxi Prices Departure \u2013 Destination 1-4 personsprice\/ride 5-8 personsprice\/ride Ruka &#8211; Juuma 50 \u20ac 70 \u20ac Ruka &#8211; Kiutak\u00f6ng\u00e4s 70 \u20ac 85 \u20ac Ruka &#8211; Ristikallio 65 \u20ac 80 \u20ac Ruka &#8211; Hautaj\u00e4rvi 95 \u20ac 110 [&hellip;]<\/p>\n","protected":false},"author":1,"featured_media":149,"parent":0,"menu_order":0,"comment_status":"closed","ping_status":"closed","template":"","meta":{"footnotes":""},"class_list":["post-152","page","type-page","status-publish","has-post-thumbnail","hentry"],"yoast_head":"<!-- This site is optimized with the Yoast SEO plugin v27.5 - https:\/\/yoast.com\/product\/yoast-seo-wordpress\/ -->\n<title>Karhunkierros Taxi | Transfers to Oulanka National Park &amp; Ruka<\/title>\n<meta name=\"description\" content=\"Book a reliable Karhunkierros taxi. Transfers between Ruka, Juuma, Hautaj\u00e4rvi, Kiutak\u00f6ng\u00e4s and Oulanka National Park trailheads.\" \/>\n<meta name=\"robots\" content=\"index, follow, max-snippet:-1, max-image-preview:large, max-video-preview:-1\" \/>\n<link rel=\"canonical\" href=\"https:\/\/rukantaksi.fi\/en\/karhunkierros-taxi\/\" \/>\n<meta property=\"og:locale\" content=\"en_US\" \/>\n<meta property=\"og:type\" content=\"article\" \/>\n<meta property=\"og:title\" content=\"Karhunkierros Taxi | Transfers to Oulanka National Park &amp; Ruka\" \/>\n<meta property=\"og:description\" content=\"Book a reliable Karhunkierros taxi. Transfers between Ruka, Juuma, Hautaj\u00e4rvi, Kiutak\u00f6ng\u00e4s and Oulanka National Park trailheads.\" \/>\n<meta property=\"og:url\" content=\"https:\/\/rukantaksi.fi\/en\/karhunkierros-taxi\/\" \/>\n<meta property=\"og:site_name\" content=\"Rukan Taksiasema\" \/>\n<meta property=\"article:modified_time\" content=\"2026-04-30T08:00:47+00:00\" \/>\n<meta property=\"og:image\" content=\"https:\/\/rukantaksi.fi\/wp-content\/uploads\/2026\/04\/rukantaksiasema-auto.jpg\" \/>\n\t<meta property=\"og:image:width\" content=\"1920\" \/>\n\t<meta property=\"og:image:height\" content=\"1280\" \/>\n\t<meta property=\"og:image:type\" content=\"image\/jpeg\" \/>\n<meta name=\"twitter:card\" content=\"summary_large_image\" \/>\n<meta name=\"twitter:label1\" content=\"Est. reading time\" \/>\n\t<meta name=\"twitter:data1\" content=\"2 minutes\" \/>\n<script type=\"application\/ld+json\" class=\"yoast-schema-graph\">{\"@context\":\"https:\\\/\\\/schema.org\",\"@graph\":[{\"@type\":\"WebPage\",\"@id\":\"https:\\\/\\\/rukantaksi.fi\\\/en\\\/karhunkierros-taxi\\\/\",\"url\":\"https:\\\/\\\/rukantaksi.fi\\\/en\\\/karhunkierros-taxi\\\/\",\"name\":\"Karhunkierros Taxi | Transfers to Oulanka National Park & Ruka\",\"isPartOf\":{\"@id\":\"https:\\\/\\\/rukantaksi.fi\\\/en\\\/#website\"},\"primaryImageOfPage\":{\"@id\":\"https:\\\/\\\/rukantaksi.fi\\\/en\\\/karhunkierros-taxi\\\/#primaryimage\"},\"image\":{\"@id\":\"https:\\\/\\\/rukantaksi.fi\\\/en\\\/karhunkierros-taxi\\\/#primaryimage\"},\"thumbnailUrl\":\"https:\\\/\\\/rukantaksi.fi\\\/wp-content\\\/uploads\\\/2026\\\/04\\\/rukantaksiasema-auto.jpg\",\"datePublished\":\"2026-04-16T11:03:49+00:00\",\"dateModified\":\"2026-04-30T08:00:47+00:00\",\"description\":\"Book a reliable Karhunkierros taxi. Transfers between Ruka, Juuma, Hautaj\u00e4rvi, Kiutak\u00f6ng\u00e4s and Oulanka National Park trailheads.\",\"breadcrumb\":{\"@id\":\"https:\\\/\\\/rukantaksi.fi\\\/en\\\/karhunkierros-taxi\\\/#breadcrumb\"},\"inLanguage\":\"en-US\",\"potentialAction\":[{\"@type\":\"ReadAction\",\"target\":[\"https:\\\/\\\/rukantaksi.fi\\\/en\\\/karhunkierros-taxi\\\/\"]}]},{\"@type\":\"ImageObject\",\"inLanguage\":\"en-US\",\"@id\":\"https:\\\/\\\/rukantaksi.fi\\\/en\\\/karhunkierros-taxi\\\/#primaryimage\",\"url\":\"https:\\\/\\\/rukantaksi.fi\\\/wp-content\\\/uploads\\\/2026\\\/04\\\/rukantaksiasema-auto.jpg\",\"contentUrl\":\"https:\\\/\\\/rukantaksi.fi\\\/wp-content\\\/uploads\\\/2026\\\/04\\\/rukantaksiasema-auto.jpg\",\"width\":1920,\"height\":1280},{\"@type\":\"BreadcrumbList\",\"@id\":\"https:\\\/\\\/rukantaksi.fi\\\/en\\\/karhunkierros-taxi\\\/#breadcrumb\",\"itemListElement\":[{\"@type\":\"ListItem\",\"position\":1,\"name\":\"Etusivu\",\"item\":\"https:\\\/\\\/rukantaksi.fi\\\/en\\\/\"},{\"@type\":\"ListItem\",\"position\":2,\"name\":\"Karhunkierros &#038; Oulanka National Park Taxi\"}]},{\"@type\":\"WebSite\",\"@id\":\"https:\\\/\\\/rukantaksi.fi\\\/en\\\/#website\",\"url\":\"https:\\\/\\\/rukantaksi.fi\\\/en\\\/\",\"name\":\"Rukan Taksiasema\",\"description\":\"\",\"publisher\":{\"@id\":\"https:\\\/\\\/rukantaksi.fi\\\/en\\\/#organization\"},\"potentialAction\":[{\"@type\":\"SearchAction\",\"target\":{\"@type\":\"EntryPoint\",\"urlTemplate\":\"https:\\\/\\\/rukantaksi.fi\\\/en\\\/?s={search_term_string}\"},\"query-input\":{\"@type\":\"PropertyValueSpecification\",\"valueRequired\":true,\"valueName\":\"search_term_string\"}}],\"inLanguage\":\"en-US\"},{\"@type\":\"Organization\",\"@id\":\"https:\\\/\\\/rukantaksi.fi\\\/en\\\/#organization\",\"name\":\"Rukan Taksiasema\",\"url\":\"https:\\\/\\\/rukantaksi.fi\\\/en\\\/\",\"logo\":{\"@type\":\"ImageObject\",\"inLanguage\":\"en-US\",\"@id\":\"https:\\\/\\\/rukantaksi.fi\\\/en\\\/#\\\/schema\\\/logo\\\/image\\\/\",\"url\":\"https:\\\/\\\/rukantaksi.fi\\\/wp-content\\\/uploads\\\/2026\\\/04\\\/rukantaksiasema-logo.png\",\"contentUrl\":\"https:\\\/\\\/rukantaksi.fi\\\/wp-content\\\/uploads\\\/2026\\\/04\\\/rukantaksiasema-logo.png\",\"width\":350,\"height\":133,\"caption\":\"Rukan Taksiasema\"},\"image\":{\"@id\":\"https:\\\/\\\/rukantaksi.fi\\\/en\\\/#\\\/schema\\\/logo\\\/image\\\/\"},\"sameAs\":[\"https:\\\/\\\/www.instagram.com\\\/rukantaksi\\\/\"]}]}<\/script>\n<!-- \/ Yoast SEO plugin. -->","yoast_head_json":{"title":"Karhunkierros Taxi | Transfers to Oulanka National Park & Ruka","description":"Book a reliable Karhunkierros taxi. Transfers between Ruka, Juuma, Hautaj\u00e4rvi, Kiutak\u00f6ng\u00e4s and Oulanka National Park trailheads.","robots":{"index":"index","follow":"follow","max-snippet":"max-snippet:-1","max-image-preview":"max-image-preview:large","max-video-preview":"max-video-preview:-1"},"canonical":"https:\/\/rukantaksi.fi\/en\/karhunkierros-taxi\/","og_locale":"en_US","og_type":"article","og_title":"Karhunkierros Taxi | Transfers to Oulanka National Park & Ruka","og_description":"Book a reliable Karhunkierros taxi. Transfers between Ruka, Juuma, Hautaj\u00e4rvi, Kiutak\u00f6ng\u00e4s and Oulanka National Park trailheads.","og_url":"https:\/\/rukantaksi.fi\/en\/karhunkierros-taxi\/","og_site_name":"Rukan Taksiasema","article_modified_time":"2026-04-30T08:00:47+00:00","og_image":[{"width":1920,"height":1280,"url":"https:\/\/rukantaksi.fi\/wp-content\/uploads\/2026\/04\/rukantaksiasema-auto.jpg","type":"image\/jpeg"}],"twitter_card":"summary_large_image","twitter_misc":{"Est. reading time":"2 minutes"},"schema":{"@context":"https:\/\/schema.org","@graph":[{"@type":"WebPage","@id":"https:\/\/rukantaksi.fi\/en\/karhunkierros-taxi\/","url":"https:\/\/rukantaksi.fi\/en\/karhunkierros-taxi\/","name":"Karhunkierros Taxi | Transfers to Oulanka National Park & Ruka","isPartOf":{"@id":"https:\/\/rukantaksi.fi\/en\/#website"},"primaryImageOfPage":{"@id":"https:\/\/rukantaksi.fi\/en\/karhunkierros-taxi\/#primaryimage"},"image":{"@id":"https:\/\/rukantaksi.fi\/en\/karhunkierros-taxi\/#primaryimage"},"thumbnailUrl":"https:\/\/rukantaksi.fi\/wp-content\/uploads\/2026\/04\/rukantaksiasema-auto.jpg","datePublished":"2026-04-16T11:03:49+00:00","dateModified":"2026-04-30T08:00:47+00:00","description":"Book a reliable Karhunkierros taxi. Transfers between Ruka, Juuma, Hautaj\u00e4rvi, Kiutak\u00f6ng\u00e4s and Oulanka National Park trailheads.","breadcrumb":{"@id":"https:\/\/rukantaksi.fi\/en\/karhunkierros-taxi\/#breadcrumb"},"inLanguage":"en-US","potentialAction":[{"@type":"ReadAction","target":["https:\/\/rukantaksi.fi\/en\/karhunkierros-taxi\/"]}]},{"@type":"ImageObject","inLanguage":"en-US","@id":"https:\/\/rukantaksi.fi\/en\/karhunkierros-taxi\/#primaryimage","url":"https:\/\/rukantaksi.fi\/wp-content\/uploads\/2026\/04\/rukantaksiasema-auto.jpg","contentUrl":"https:\/\/rukantaksi.fi\/wp-content\/uploads\/2026\/04\/rukantaksiasema-auto.jpg","width":1920,"height":1280},{"@type":"BreadcrumbList","@id":"https:\/\/rukantaksi.fi\/en\/karhunkierros-taxi\/#breadcrumb","itemListElement":[{"@type":"ListItem","position":1,"name":"Etusivu","item":"https:\/\/rukantaksi.fi\/en\/"},{"@type":"ListItem","position":2,"name":"Karhunkierros &#038; Oulanka National Park Taxi"}]},{"@type":"WebSite","@id":"https:\/\/rukantaksi.fi\/en\/#website","url":"https:\/\/rukantaksi.fi\/en\/","name":"Rukan Taksiasema","description":"","publisher":{"@id":"https:\/\/rukantaksi.fi\/en\/#organization"},"potentialAction":[{"@type":"SearchAction","target":{"@type":"EntryPoint","urlTemplate":"https:\/\/rukantaksi.fi\/en\/?s={search_term_string}"},"query-input":{"@type":"PropertyValueSpecification","valueRequired":true,"valueName":"search_term_string"}}],"inLanguage":"en-US"},{"@type":"Organization","@id":"https:\/\/rukantaksi.fi\/en\/#organization","name":"Rukan Taksiasema","url":"https:\/\/rukantaksi.fi\/en\/","logo":{"@type":"ImageObject","inLanguage":"en-US","@id":"https:\/\/rukantaksi.fi\/en\/#\/schema\/logo\/image\/","url":"https:\/\/rukantaksi.fi\/wp-content\/uploads\/2026\/04\/rukantaksiasema-logo.png","contentUrl":"https:\/\/rukantaksi.fi\/wp-content\/uploads\/2026\/04\/rukantaksiasema-logo.png","width":350,"height":133,"caption":"Rukan Taksiasema"},"image":{"@id":"https:\/\/rukantaksi.fi\/en\/#\/schema\/logo\/image\/"},"sameAs":["https:\/\/www.instagram.com\/rukantaksi\/"]}]}},"_links":{"self":[{"href":"https:\/\/rukantaksi.fi\/en\/wp-json\/wp\/v2\/pages\/152","targetHints":{"allow":["GET"]}}],"collection":[{"href":"https:\/\/rukantaksi.fi\/en\/wp-json\/wp\/v2\/pages"}],"about":[{"href":"https:\/\/rukantaksi.fi\/en\/wp-json\/wp\/v2\/types\/page"}],"author":[{"embeddable":true,"href":"https:\/\/rukantaksi.fi\/en\/wp-json\/wp\/v2\/users\/1"}],"replies":[{"embeddable":true,"href":"https:\/\/rukantaksi.fi\/en\/wp-json\/wp\/v2\/comments?post=152"}],"version-history":[{"count":13,"href":"https:\/\/rukantaksi.fi\/en\/wp-json\/wp\/v2\/pages\/152\/revisions"}],"predecessor-version":[{"id":259,"href":"https:\/\/rukantaksi.fi\/en\/wp-json\/wp\/v2\/pages\/152\/revisions\/259"}],"wp:featuredmedia":[{"embeddable":true,"href":"https:\/\/rukantaksi.fi\/en\/wp-json\/wp\/v2\/media\/149"}],"wp:attachment":[{"href":"https:\/\/rukantaksi.fi\/en\/wp-json\/wp\/v2\/media?parent=152"}],"curies":[{"name":"wp","href":"https:\/\/api.w.org\/{rel}","templated":true}]}}